{"id":735,"date":"2024-12-18T16:27:55","date_gmt":"2024-12-18T15:27:55","guid":{"rendered":"https:\/\/genempresas.com\/?page_id=735"},"modified":"2025-10-07T10:17:09","modified_gmt":"2025-10-07T08:17:09","slug":"politica-de-privacidad","status":"publish","type":"page","link":"https:\/\/genempresas.com\/index.php\/politica-de-privacidad\/","title":{"rendered":"Pol\u00edtica de Privacidad"},"content":{"rendered":"<style>.elementor-735 .elementor-element.elementor-element-08eeaaf{--display:flex;--min-height:320px;--flex-direction:column;--container-widget-width:100%;--container-widget-height:initial;--container-widget-flex-grow:0;--container-widget-align-self:initial;--flex-wrap-mobile:wrap;--justify-content:center;--margin-top:-72px;--margin-bottom:0px;--margin-left:0px;--margin-right:0px;}.elementor-735 .elementor-element.elementor-element-08eeaaf:not(.elementor-motion-effects-element-type-background), .elementor-735 .elementor-element.elementor-element-08eeaaf > .elementor-motion-effects-container > .elementor-motion-effects-layer{background-color:var( --e-global-color-primary );}.elementor-735 .elementor-element.elementor-element-6076c80{text-align:center;}.elementor-735 .elementor-element.elementor-element-6076c80 img{width:47%;opacity:1;}.elementor-735 .elementor-element.elementor-element-6076c80.elementor-element{--align-self:center;--order:99999 \/* order end hack *\/;}.elementor-735 .elementor-element.elementor-element-ad91496{--display:flex;}.elementor-735 .elementor-element.elementor-element-d83a08e{text-align:start;color:var( --e-global-color-primary );}@media(min-width:768px){.elementor-735 .elementor-element.elementor-element-ad91496{--content-width:1600px;}}<\/style>\t\t<div data-elementor-type=\"wp-page\" data-elementor-id=\"735\" class=\"elementor elementor-735\" data-elementor-post-type=\"page\">\n\t\t\t\t<div class=\"elementor-element elementor-element-08eeaaf e-con-full e-flex e-con e-parent\" data-id=\"08eeaaf\" data-element_type=\"container\" data-e-type=\"container\" data-settings=\"{&quot;background_background&quot;:&quot;classic&quot;}\">\n\t\t\t\t<div class=\"elementor-element elementor-element-6076c80 elementor-widget elementor-widget-image\" data-id=\"6076c80\" data-element_type=\"widget\" data-e-type=\"widget\" data-widget_type=\"image.default\">\n\t\t\t\t<div class=\"elementor-widget-container\">\n\t\t\t\t\t\t\t\t\t\t\t\t\t\t\t<img fetchpriority=\"high\" decoding=\"async\" width=\"800\" height=\"278\" src=\"https:\/\/genempresas.com\/wp-content\/uploads\/2024\/09\/srytuiok-1024x356.png\" class=\"attachment-large size-large wp-image-474\" alt=\"\" srcset=\"https:\/\/genempresas.com\/wp-content\/uploads\/2024\/09\/srytuiok-1024x356.png 1024w, https:\/\/genempresas.com\/wp-content\/uploads\/2024\/09\/srytuiok-300x104.png 300w, https:\/\/genempresas.com\/wp-content\/uploads\/2024\/09\/srytuiok-768x267.png 768w, https:\/\/genempresas.com\/wp-content\/uploads\/2024\/09\/srytuiok.png 1052w\" sizes=\"(max-width: 800px) 100vw, 800px\" \/>\t\t\t\t\t\t\t\t\t\t\t\t\t\t\t<\/div>\n\t\t\t\t<\/div>\n\t\t\t\t<\/div>\n\t\t<div class=\"elementor-element elementor-element-ad91496 e-flex e-con-boxed e-con e-parent\" data-id=\"ad91496\" data-element_type=\"container\" data-e-type=\"container\">\n\t\t\t\t\t<div class=\"e-con-inner\">\n\t\t\t\t<div class=\"elementor-element elementor-element-d83a08e elementor-widget elementor-widget-text-editor\" data-id=\"d83a08e\" data-element_type=\"widget\" data-e-type=\"widget\" data-widget_type=\"text-editor.default\">\n\t\t\t\t<div class=\"elementor-widget-container\">\n\t\t\t\t\t\t\t\t\t<h4>Informacion sobre Protecci\u00f3n de Datos<\/h4><h4>\u00a0<\/h4><ol><li style=\"list-style-type: none;\"><ol><li><strong>Datos relativos al Responsable<\/strong><\/li><\/ol><\/li><\/ol><h4><b>Responsable Tratamiento<\/b><\/h4><ol><li style=\"list-style-type: none;\"><ol>\u00a0\u00a0&#8211; Entidad: VINCULO EMPRESARIAL EN NETWORKING<\/ol><\/li><\/ol><h4>\u00a0<\/h4><ol><li style=\"list-style-type: none;\"><ol>\u00a0\u00a0&#8211; CIF de la entidad: B75243576<\/ol><\/li><\/ol><h4>\u00a0<\/h4><ol><li style=\"list-style-type: none;\"><ol>\u00a0\u00a0&#8211; Direccion de la entidad: CALLE PASTERA, 20 &#8211; (45600) TALAVERA DE LA REINA<\/ol><\/li><\/ol><h4>\u00a0<\/h4><ol><li style=\"list-style-type: none;\"><ol>\u00a0\u00a0&#8211; Email de la entidad: INFO@GENEMPRESAS.COM<\/ol><\/li><\/ol><h4>\u00a0<\/h4><ol><li style=\"list-style-type: none;\"><ol>\u00a0\u00a0&#8211; Responsable del tratamiento : SERGIO ORTIZ PEREZ<\/ol><\/li><\/ol><h4>\u00a0<\/h4><ol><li style=\"list-style-type: none;\"><ol>\u00a0\u00a0&#8211; Tel\u00e9fono del Responsable del tratamiento : 662568170<\/ol><\/li><\/ol><h4>\u00a0<\/h4><ol><li style=\"list-style-type: none;\"><ol>\u00a0\u00a0&#8211; Direcci\u00f3n email del Responsable del tratamiento : INFO@GENEMPRESAS.COM<\/ol><\/li><\/ol><h4>\u00a0<\/h4><ol><li style=\"list-style-type: none;\"><ol>\u00a0\u00a0&#8211; DPD: FRANCISCO ROJAS LOZANO<\/ol><\/li><\/ol><h4>\u00a0<\/h4><ol><li style=\"list-style-type: none;\"><ol>\u00a0\u00a0&#8211; Tel\u00e9fono del DPD: 678851942<\/ol><\/li><\/ol><h4>\u00a0<\/h4><ol><li style=\"list-style-type: none;\"><ol>\u00a0\u00a0&#8211; Direcci\u00f3n email del DPD: PACOROJAS@CEMAD.ES<\/ol><\/li><\/ol><h4><br \/><br \/><\/h4><ol><li style=\"list-style-type: none;\"><ol><li><strong>Finalidades<\/strong><\/li><\/ol><\/li><\/ol><h4>\u00a0<\/h4><p>En cumplimiento de lo dispuesto en el Reglamento Europeo 2016\/679 General de Protecci\u00f3n de Datos y la Ley Org\u00e1nica 3\/2018 de Protecci\u00f3n de Datos Personales y Garant\u00eda de Derechos Digitales, le informamos de que, dependiendo de la relaci\u00f3n que tenga con nosotros, en\u00a0<strong>VINCULO EMPRESARIAL EN NETWORKING<\/strong>\u00a0tratamos los datos que nos facilita para alguna, o todas, las siguientes finalidades:<\/p><ol><li style=\"list-style-type: none;\"><ol><li style=\"list-style-type: none;\"><ul><li>Env\u00edo de informaci\u00f3n comercial a trav\u00e9s de la plataforma WhatsApp<\/li><li>Env\u00edo de informaci\u00f3n comercial de la entidad mediante correo postal, correo electr\u00f3nico u otros<\/li><li>Env\u00edo de informaci\u00f3n por correo electr\u00f3nico sobre actuaciones y servicios de la empresa.<\/li><li>Mantenimiento de la relaci\u00f3n con la entidad<\/li><li>Prestarles un servicio<\/li><li>Publicaci\u00f3n de im\u00e1genes y\/o v\u00eddeos en la web del centro y otras redes sociales con fines profesionales<\/li><li>Registro evolutivo de los trabajos realizados<\/li><li>Registro hist\u00f3rico de colaboraci\u00f3n<\/li><\/ul><\/li><\/ol><\/li><\/ol><h4>\u00a0<\/h4><ol><li style=\"list-style-type: none;\"><ol><li><strong>Plazo de conservaci\u00f3n de los datos<\/strong><\/li><\/ol><\/li><\/ol><h4>\u00a0<\/h4><p>Sus datos ser\u00e1n conservados por un plazo de de 1 a\u00f1o. En el caso que requiera su eliminaci\u00f3n de forma anticipada, solic\u00edtelo mediante el ejercicio del derecho de supresi\u00f3n. As\u00ed mismo, los datos que por motivos legales deban ser almacenados durante un tiempo necesario para cumplir normas espec\u00edficas, ser\u00e1n bloqueados y \u00fanicamente estar\u00e1n a disposici\u00f3n de la autoridad p\u00fablica correspondiente.<\/p><h4>\u00a0<\/h4><ol><li style=\"list-style-type: none;\"><ol><li><strong>Legitimaci\u00f3n<\/strong><\/li><\/ol><\/li><\/ol><h4>\u00a0<\/h4><p>La base legal para el tratamiento de tus datos radica por:<\/p><ol><li style=\"list-style-type: none;\"><ol><li style=\"list-style-type: none;\"><ul><li>Consentimiento inequ\u00edvoco<\/li><\/ul><\/li><\/ol><\/li><\/ol><h4>\u00a0<\/h4><ol><li style=\"list-style-type: none;\"><ol><li><strong>Destinatarios<\/strong><\/li><\/ol><\/li><\/ol><h4>\u00a0<\/h4><p>Sus datos personales ser\u00e1n comunicados a terceros en los siguientes supuestos:<\/p><ol><li style=\"list-style-type: none;\"><ol><li style=\"list-style-type: none;\"><ul><li>Cuerpos y fuerzas de seguridad del estado<\/li><li>No comparto los datos con terceros.<\/li><\/ul><\/li><\/ol><\/li><\/ol><h4>\u00a0<\/h4><ol><li style=\"list-style-type: none;\"><ol><li><strong>Derechos<\/strong><\/li><\/ol><\/li><\/ol><h4>\u00a0<\/h4><p>Tiene derecho a obtener confirmaci\u00f3n sobre si en\u00a0<strong>VINCULO EMPRESARIAL EN NETWORKING<\/strong>\u00a0estamos tratando datos personales que le conciernan, o no.<\/p><p>Asimismo, tiene derecho de acceso a sus datos personales, as\u00ed como a solicitar la\u00a0<em>rectificaci\u00f3n<\/em>\u00a0de los datos inexactos o, en su caso, solicitar su\u00a0<em>supresi\u00f3n<\/em>\u00a0cuando, entre otros motivos, los datos ya no sean necesarios para los fines que fueron recogidos.<\/p><p>En determinadas circunstancias, podr\u00e1 solicitar la\u00a0<em>limitaci\u00f3n del tratamiento<\/em>\u00a0de sus datos, en cuyo caso \u00fanicamente los conservaremos para el ejercicio o la defensa de reclamaciones.<\/p><p>Adicionalmente, en determinadas circunstancias y por motivos relacionados con tu situaci\u00f3n particular, podr\u00e1 ejercer el derecho de\u00a0<em>oposici\u00f3n<\/em>\u00a0al tratamiento de sus datos.\u00a0<strong>VINCULO EMPRESARIAL EN NETWORKING<\/strong>\u00a0dejar\u00e1 de tratar los datos, salvo por motivos leg\u00edtimos imperiosos, o el ejercicio o la defensa de posibles reclamaciones.<\/p><p>Asimismo, puede ejercer el derecho a la\u00a0<em>portabilidad<\/em>\u00a0de los datos, as\u00ed como retirar los consentimientos facilitados en cualquier momento, sin que ello afecte a la licitud del tratamiento basado en el consentimiento previo a su retirada.<\/p><p>Si desea hacer uso de cualquiera de tus derechos puede realizarlos a trav\u00e9s de los enlaces habilitados que encontrar\u00e1 a continuaci\u00f3n:<\/p><ol><li style=\"list-style-type: none;\"><ol><li style=\"list-style-type: none;\"><ul><li>Para ejercer su derecho de\u00a0<strong>Acceso<\/strong>\u00a0haga clic\u00a0<a href=\"https:\/\/intranet.laboralrgpd.com\/webApp\/clientes_derechos\/derechos-formulario.php?id_cliente=Y3htYXdJRjEyUlc3ek4xQXVOWHFsZz09\" target=\"_blank\" rel=\"noopener\">aqu\u00ed<\/a><\/li><li>Para ejercer su derecho de\u00a0<strong>Rectificaci\u00f3n<\/strong>\u00a0haga clic\u00a0<a href=\"https:\/\/intranet.laboralrgpd.com\/webApp\/clientes_derechos\/derechos-formulario.php?id_cliente=Y3htYXdJRjEyUlc3ek4xQXVOWHFsZz09\" target=\"_blank\" rel=\"noopener\">aqu\u00ed<\/a><\/li><li>Para ejercer su derecho de\u00a0<strong>Supresi\u00f3n (Olvido)<\/strong>\u00a0haga clic\u00a0<a href=\"https:\/\/intranet.laboralrgpd.com\/webApp\/clientes_derechos\/derechos-formulario.php?id_cliente=Y3htYXdJRjEyUlc3ek4xQXVOWHFsZz09\" target=\"_blank\" rel=\"noopener\">aqu\u00ed<\/a><\/li><li>Para ejercer su derecho de\u00a0<strong>Limitaci\u00f3n del Tratamiento<\/strong>\u00a0haga clic\u00a0<a href=\"https:\/\/intranet.laboralrgpd.com\/webApp\/clientes_derechos\/derechos-formulario.php?id_cliente=Y3htYXdJRjEyUlc3ek4xQXVOWHFsZz09\" target=\"_blank\" rel=\"noopener\">aqu\u00ed<\/a><\/li><li>Para ejercer su derecho de\u00a0<strong>Oposici\u00f3n<\/strong>\u00a0haga clic\u00a0<a href=\"https:\/\/intranet.laboralrgpd.com\/webApp\/clientes_derechos\/derechos-formulario.php?id_cliente=Y3htYXdJRjEyUlc3ek4xQXVOWHFsZz09\" target=\"_blank\" rel=\"noopener\">aqu\u00ed<\/a><\/li><li>Para ejercer su derecho de\u00a0<strong>Portabilidad<\/strong>\u00a0haga clic\u00a0<a href=\"https:\/\/intranet.laboralrgpd.com\/webApp\/clientes_derechos\/derechos-formulario.php?id_cliente=Y3htYXdJRjEyUlc3ek4xQXVOWHFsZz09\" target=\"_blank\" rel=\"noopener\">aqu\u00ed<\/a><\/li><\/ul><\/li><\/ol><\/li><\/ol><p>Alternativamente, tambi\u00e9n puede dirigirse a nosotros mediante correo postal a la siguiente direcci\u00f3n:\u00a0<strong>CALLE PASTERA, 20 &#8211; (45600) TALAVERA DE LA REINA<\/strong>\u00a0adjuntado una fotocopia del DNI, para la certeza de su identidad. Recuerde facilitar la mayor informaci\u00f3n posible sobre su solicitud: Nombre y apellidos, direcci\u00f3n de correo electr\u00f3nico que utiliza para la cuenta o portal objeto de tu solicitud.<\/p><p>Por \u00faltimo, le informamos que puede dirigirse ante la Agencia Espa\u00f1ola de Protecci\u00f3n de Datos y dem\u00e1s organismos p\u00fablicos competentes para cualquier reclamaci\u00f3n derivada del tratamiento de tus datos personales.<\/p>\t\t\t\t\t\t\t\t<\/div>\n\t\t\t\t<\/div>\n\t\t\t\t\t<\/div>\n\t\t\t\t<\/div>\n\t\t\t\t<\/div>\n\t\t","protected":false},"excerpt":{"rendered":"<p>Informacion sobre Protecci\u00f3n de Datos \u00a0 Datos relativos al Responsable Responsable Tratamiento \u00a0\u00a0&#8211; Entidad: VINCULO EMPRESARIAL EN NETWORKING \u00a0 \u00a0\u00a0&#8211; CIF de la entidad: B75243576 \u00a0 \u00a0\u00a0&#8211; Direccion de la entidad: CALLE PASTERA, 20 &#8211; (45600) TALAVERA DE LA REINA \u00a0 \u00a0\u00a0&#8211; Email de la entidad: INFO@GENEMPRESAS.COM \u00a0 \u00a0\u00a0&#8211; Responsable del tratamiento : SERGIO ORTIZ [&hellip;]<\/p>\n","protected":false},"author":1,"featured_media":0,"parent":0,"menu_order":0,"comment_status":"closed","ping_status":"closed","template":"","meta":{"footnotes":""},"class_list":["post-735","page","type-page","status-publish","hentry"],"yoast_head":"<!-- This site is optimized with the Yoast SEO plugin v27.4 - https:\/\/yoast.com\/product\/yoast-seo-wordpress\/ -->\n<title>Pol\u00edtica de Privacidad - genempresas.com<\/title>\n<meta name=\"robots\" content=\"index, follow, max-snippet:-1, max-image-preview:large, max-video-preview:-1\" \/>\n<link rel=\"canonical\" href=\"https:\/\/genempresas.com\/index.php\/politica-de-privacidad\/\" \/>\n<meta property=\"og:locale\" content=\"en_US\" \/>\n<meta property=\"og:type\" content=\"article\" \/>\n<meta property=\"og:title\" content=\"Pol\u00edtica de Privacidad - genempresas.com\" \/>\n<meta property=\"og:description\" content=\"Informacion sobre Protecci\u00f3n de Datos \u00a0 Datos relativos al Responsable Responsable Tratamiento \u00a0\u00a0&#8211; Entidad: VINCULO EMPRESARIAL EN NETWORKING \u00a0 \u00a0\u00a0&#8211; CIF de la entidad: B75243576 \u00a0 \u00a0\u00a0&#8211; Direccion de la entidad: CALLE PASTERA, 20 &#8211; (45600) TALAVERA DE LA REINA \u00a0 \u00a0\u00a0&#8211; Email de la entidad: INFO@GENEMPRESAS.COM \u00a0 \u00a0\u00a0&#8211; Responsable del tratamiento : SERGIO ORTIZ [&hellip;]\" \/>\n<meta property=\"og:url\" content=\"https:\/\/genempresas.com\/index.php\/politica-de-privacidad\/\" \/>\n<meta property=\"og:site_name\" content=\"genempresas.com\" \/>\n<meta property=\"article:publisher\" content=\"https:\/\/www.facebook.com\/profile.php?id=61559630106919\" \/>\n<meta property=\"article:modified_time\" content=\"2025-10-07T08:17:09+00:00\" \/>\n<meta property=\"og:image\" content=\"https:\/\/genempresas.com\/wp-content\/uploads\/2024\/09\/srytuiok.png\" \/>\n\t<meta property=\"og:image:width\" content=\"1052\" \/>\n\t<meta property=\"og:image:height\" content=\"366\" \/>\n\t<meta property=\"og:image:type\" content=\"image\/png\" \/>\n<meta name=\"twitter:card\" content=\"summary_large_image\" \/>\n<meta name=\"twitter:label1\" content=\"Est. reading time\" \/>\n\t<meta name=\"twitter:data1\" content=\"4 minutes\" \/>\n<script type=\"application\/ld+json\" class=\"yoast-schema-graph\">{\"@context\":\"https:\\\/\\\/schema.org\",\"@graph\":[{\"@type\":\"WebPage\",\"@id\":\"https:\\\/\\\/genempresas.com\\\/index.php\\\/politica-de-privacidad\\\/\",\"url\":\"https:\\\/\\\/genempresas.com\\\/index.php\\\/politica-de-privacidad\\\/\",\"name\":\"Pol\u00edtica de Privacidad - genempresas.com\",\"isPartOf\":{\"@id\":\"https:\\\/\\\/genempresas.com\\\/#website\"},\"primaryImageOfPage\":{\"@id\":\"https:\\\/\\\/genempresas.com\\\/index.php\\\/politica-de-privacidad\\\/#primaryimage\"},\"image\":{\"@id\":\"https:\\\/\\\/genempresas.com\\\/index.php\\\/politica-de-privacidad\\\/#primaryimage\"},\"thumbnailUrl\":\"https:\\\/\\\/genempresas.com\\\/wp-content\\\/uploads\\\/2024\\\/09\\\/srytuiok-1024x356.png\",\"datePublished\":\"2024-12-18T15:27:55+00:00\",\"dateModified\":\"2025-10-07T08:17:09+00:00\",\"breadcrumb\":{\"@id\":\"https:\\\/\\\/genempresas.com\\\/index.php\\\/politica-de-privacidad\\\/#breadcrumb\"},\"inLanguage\":\"en-US\",\"potentialAction\":[{\"@type\":\"ReadAction\",\"target\":[\"https:\\\/\\\/genempresas.com\\\/index.php\\\/politica-de-privacidad\\\/\"]}]},{\"@type\":\"ImageObject\",\"inLanguage\":\"en-US\",\"@id\":\"https:\\\/\\\/genempresas.com\\\/index.php\\\/politica-de-privacidad\\\/#primaryimage\",\"url\":\"https:\\\/\\\/genempresas.com\\\/wp-content\\\/uploads\\\/2024\\\/09\\\/srytuiok.png\",\"contentUrl\":\"https:\\\/\\\/genempresas.com\\\/wp-content\\\/uploads\\\/2024\\\/09\\\/srytuiok.png\",\"width\":1052,\"height\":366},{\"@type\":\"BreadcrumbList\",\"@id\":\"https:\\\/\\\/genempresas.com\\\/index.php\\\/politica-de-privacidad\\\/#breadcrumb\",\"itemListElement\":[{\"@type\":\"ListItem\",\"position\":1,\"name\":\"Portada\",\"item\":\"https:\\\/\\\/genempresas.com\\\/\"},{\"@type\":\"ListItem\",\"position\":2,\"name\":\"Pol\u00edtica de Privacidad\"}]},{\"@type\":\"WebSite\",\"@id\":\"https:\\\/\\\/genempresas.com\\\/#website\",\"url\":\"https:\\\/\\\/genempresas.com\\\/\",\"name\":\"Grupo de Empresarios en Networking\",\"description\":\"Grupo de Empresarios en Networking\",\"publisher\":{\"@id\":\"https:\\\/\\\/genempresas.com\\\/#organization\"},\"alternateName\":\"Gen Empresas\",\"potentialAction\":[{\"@type\":\"SearchAction\",\"target\":{\"@type\":\"EntryPoint\",\"urlTemplate\":\"https:\\\/\\\/genempresas.com\\\/?s={search_term_string}\"},\"query-input\":{\"@type\":\"PropertyValueSpecification\",\"valueRequired\":true,\"valueName\":\"search_term_string\"}}],\"inLanguage\":\"en-US\"},{\"@type\":\"Organization\",\"@id\":\"https:\\\/\\\/genempresas.com\\\/#organization\",\"name\":\"GEN Empresas\",\"alternateName\":\"Gen Empresas\",\"url\":\"https:\\\/\\\/genempresas.com\\\/\",\"logo\":{\"@type\":\"ImageObject\",\"inLanguage\":\"en-US\",\"@id\":\"https:\\\/\\\/genempresas.com\\\/#\\\/schema\\\/logo\\\/image\\\/\",\"url\":\"https:\\\/\\\/genempresas.com\\\/wp-content\\\/uploads\\\/2024\\\/09\\\/setrytuy7i.png\",\"contentUrl\":\"https:\\\/\\\/genempresas.com\\\/wp-content\\\/uploads\\\/2024\\\/09\\\/setrytuy7i.png\",\"width\":500,\"height\":500,\"caption\":\"GEN Empresas\"},\"image\":{\"@id\":\"https:\\\/\\\/genempresas.com\\\/#\\\/schema\\\/logo\\\/image\\\/\"},\"sameAs\":[\"https:\\\/\\\/www.facebook.com\\\/profile.php?id=61559630106919\",\"https:\\\/\\\/www.linkedin.com\\\/in\\\/gen-empresas-b632b530a\\\/\",\"https:\\\/\\\/www.instagram.com\\\/gen.empresas\\\/\"]}]}<\/script>\n<!-- \/ Yoast SEO plugin. -->","yoast_head_json":{"title":"Pol\u00edtica de Privacidad - genempresas.com","robots":{"index":"index","follow":"follow","max-snippet":"max-snippet:-1","max-image-preview":"max-image-preview:large","max-video-preview":"max-video-preview:-1"},"canonical":"https:\/\/genempresas.com\/index.php\/politica-de-privacidad\/","og_locale":"en_US","og_type":"article","og_title":"Pol\u00edtica de Privacidad - genempresas.com","og_description":"Informacion sobre Protecci\u00f3n de Datos \u00a0 Datos relativos al Responsable Responsable Tratamiento \u00a0\u00a0&#8211; Entidad: VINCULO EMPRESARIAL EN NETWORKING \u00a0 \u00a0\u00a0&#8211; CIF de la entidad: B75243576 \u00a0 \u00a0\u00a0&#8211; Direccion de la entidad: CALLE PASTERA, 20 &#8211; (45600) TALAVERA DE LA REINA \u00a0 \u00a0\u00a0&#8211; Email de la entidad: INFO@GENEMPRESAS.COM \u00a0 \u00a0\u00a0&#8211; Responsable del tratamiento : SERGIO ORTIZ [&hellip;]","og_url":"https:\/\/genempresas.com\/index.php\/politica-de-privacidad\/","og_site_name":"genempresas.com","article_publisher":"https:\/\/www.facebook.com\/profile.php?id=61559630106919","article_modified_time":"2025-10-07T08:17:09+00:00","og_image":[{"width":1052,"height":366,"url":"https:\/\/genempresas.com\/wp-content\/uploads\/2024\/09\/srytuiok.png","type":"image\/png"}],"twitter_card":"summary_large_image","twitter_misc":{"Est. reading time":"4 minutes"},"schema":{"@context":"https:\/\/schema.org","@graph":[{"@type":"WebPage","@id":"https:\/\/genempresas.com\/index.php\/politica-de-privacidad\/","url":"https:\/\/genempresas.com\/index.php\/politica-de-privacidad\/","name":"Pol\u00edtica de Privacidad - genempresas.com","isPartOf":{"@id":"https:\/\/genempresas.com\/#website"},"primaryImageOfPage":{"@id":"https:\/\/genempresas.com\/index.php\/politica-de-privacidad\/#primaryimage"},"image":{"@id":"https:\/\/genempresas.com\/index.php\/politica-de-privacidad\/#primaryimage"},"thumbnailUrl":"https:\/\/genempresas.com\/wp-content\/uploads\/2024\/09\/srytuiok-1024x356.png","datePublished":"2024-12-18T15:27:55+00:00","dateModified":"2025-10-07T08:17:09+00:00","breadcrumb":{"@id":"https:\/\/genempresas.com\/index.php\/politica-de-privacidad\/#breadcrumb"},"inLanguage":"en-US","potentialAction":[{"@type":"ReadAction","target":["https:\/\/genempresas.com\/index.php\/politica-de-privacidad\/"]}]},{"@type":"ImageObject","inLanguage":"en-US","@id":"https:\/\/genempresas.com\/index.php\/politica-de-privacidad\/#primaryimage","url":"https:\/\/genempresas.com\/wp-content\/uploads\/2024\/09\/srytuiok.png","contentUrl":"https:\/\/genempresas.com\/wp-content\/uploads\/2024\/09\/srytuiok.png","width":1052,"height":366},{"@type":"BreadcrumbList","@id":"https:\/\/genempresas.com\/index.php\/politica-de-privacidad\/#breadcrumb","itemListElement":[{"@type":"ListItem","position":1,"name":"Portada","item":"https:\/\/genempresas.com\/"},{"@type":"ListItem","position":2,"name":"Pol\u00edtica de Privacidad"}]},{"@type":"WebSite","@id":"https:\/\/genempresas.com\/#website","url":"https:\/\/genempresas.com\/","name":"Grupo de Empresarios en Networking","description":"Grupo de Empresarios en Networking","publisher":{"@id":"https:\/\/genempresas.com\/#organization"},"alternateName":"Gen Empresas","potentialAction":[{"@type":"SearchAction","target":{"@type":"EntryPoint","urlTemplate":"https:\/\/genempresas.com\/?s={search_term_string}"},"query-input":{"@type":"PropertyValueSpecification","valueRequired":true,"valueName":"search_term_string"}}],"inLanguage":"en-US"},{"@type":"Organization","@id":"https:\/\/genempresas.com\/#organization","name":"GEN Empresas","alternateName":"Gen Empresas","url":"https:\/\/genempresas.com\/","logo":{"@type":"ImageObject","inLanguage":"en-US","@id":"https:\/\/genempresas.com\/#\/schema\/logo\/image\/","url":"https:\/\/genempresas.com\/wp-content\/uploads\/2024\/09\/setrytuy7i.png","contentUrl":"https:\/\/genempresas.com\/wp-content\/uploads\/2024\/09\/setrytuy7i.png","width":500,"height":500,"caption":"GEN Empresas"},"image":{"@id":"https:\/\/genempresas.com\/#\/schema\/logo\/image\/"},"sameAs":["https:\/\/www.facebook.com\/profile.php?id=61559630106919","https:\/\/www.linkedin.com\/in\/gen-empresas-b632b530a\/","https:\/\/www.instagram.com\/gen.empresas\/"]}]}},"_links":{"self":[{"href":"https:\/\/genempresas.com\/index.php\/wp-json\/wp\/v2\/pages\/735","targetHints":{"allow":["GET"]}}],"collection":[{"href":"https:\/\/genempresas.com\/index.php\/wp-json\/wp\/v2\/pages"}],"about":[{"href":"https:\/\/genempresas.com\/index.php\/wp-json\/wp\/v2\/types\/page"}],"author":[{"embeddable":true,"href":"https:\/\/genempresas.com\/index.php\/wp-json\/wp\/v2\/users\/1"}],"replies":[{"embeddable":true,"href":"https:\/\/genempresas.com\/index.php\/wp-json\/wp\/v2\/comments?post=735"}],"version-history":[{"count":13,"href":"https:\/\/genempresas.com\/index.php\/wp-json\/wp\/v2\/pages\/735\/revisions"}],"predecessor-version":[{"id":982,"href":"https:\/\/genempresas.com\/index.php\/wp-json\/wp\/v2\/pages\/735\/revisions\/982"}],"wp:attachment":[{"href":"https:\/\/genempresas.com\/index.php\/wp-json\/wp\/v2\/media?parent=735"}],"curies":[{"name":"wp","href":"https:\/\/api.w.org\/{rel}","templated":true}]}}