{"id":23,"date":"2024-03-12T13:07:12","date_gmt":"2024-03-12T12:07:12","guid":{"rendered":"https:\/\/genempresas.com\/?page_id=23"},"modified":"2024-06-05T10:49:04","modified_gmt":"2024-06-05T08:49:04","slug":"gen-sobre-nosotros","status":"publish","type":"page","link":"https:\/\/genempresas.com\/index.php\/gen-sobre-nosotros\/","title":{"rendered":"SOBRE NOSOTROS"},"content":{"rendered":"\n<p>Grupo empresarios Networking es una plataforma en l\u00ednea con networking presencial desarrollada por GEN (Grupos de empresarios en networking), una organizaci\u00f3n nacional de networking empresarial. La plataforma GEN est\u00e1 dise\u00f1ada para ayudar a los miembros a conectarse, colaborar y generar negocios entre s\u00ed, con car\u00e1cter de exclusividad en la especialidad desarrollada por el miembro. Ofrece herramientas como generaci\u00f3n de perfiles, mensajer\u00eda interna, calendarios de eventos, formaci\u00f3n y seguimiento de referencias de negocio. GEN facilita la gesti\u00f3n de relaciones empresariales dentro de la red de GEN, lo que ayuda a aumentar las oportunidades de negocio y el crecimiento profesional para sus miembros.<\/p>\n\n\n\n<p><strong>Que es el Networking <\/strong><strong><\/strong><\/p>\n\n\n\n<p>El networking es el proceso de establecer adem\u00e1s de mantener relaciones profesionales con otras personas con el objetivo de intercambiar informaci\u00f3n, recursos y oportunidades de negocio. Es una pr\u00e1ctica fundamental en el mundo empresarial que puede ayudar a expandir tu red de contactos, mejorar tu visibilidad profesional, obtener informaci\u00f3n valiosa y generar oportunidades de colaboraci\u00f3n.<\/p>\n\n\n\n<h3 class=\"wp-block-heading has-medium-font-size\"><strong>La claves del Networking en Grupo empresarios Networking <\/strong><\/h3>\n\n\n\n<p>Construcci\u00f3n de relaciones adem\u00e1s El networking se trata de construir relaciones aut\u00e9nticas y significativas con otras personas en tu campo o industria. Se basa en la confianza mutua, el respeto y la reciprocidad.<\/p>\n\n\n\n<p>Diversidad de contactos: Es importante tener una red de contactos diversa que incluya personas de diferentes industrias, empresas, niveles de experiencia y \u00e1reas de especializaci\u00f3n. Cuanto m\u00e1s diversa sea tu red, mayores ser\u00e1n las oportunidades de obtener informaci\u00f3n y perspectivas \u00fanicas.<\/p>\n\n\n\n<p>Participaci\u00f3n activa: Para aprovechar al m\u00e1ximo el networking, es importante participar activamente en eventos de networking, conferencias, reuniones profesionales y actividades relacionadas con tu campo. Esto te permitir\u00e1 conocer a nuevas personas, establecer conexiones y mantener tu red actualizada.<\/p>\n\n\n\n<p>Escucha activa, adem\u00e1s de una parte clave del networking efectivo es la capacidad de escuchar activamente a los dem\u00e1s. <\/p>\n\n\n\n<p>Ofrecer valor: Para construir relaciones s\u00f3lidas en tu red, es importante ofrecer valor a tus contactos. Esto puede implicar compartir recursos, conocimientos o oportunidades relevantes, proporcionar recomendaciones o conexiones \u00fatiles, o colaborar en proyectos o iniciativas comunes.<\/p>\n\n\n\n<p>S\u00edguenos y <a href=\"https:\/\/genempresas.com\/index.php\/contacto\/\">cont\u00e1ctanos <\/a>en nuestras redes sociales Instagram: <a href=\"https:\/\/www.instagram.com\/gen.empresas\/\">https:\/\/www.instagram.com\/gen.empresas\/<\/a><\/p>\n","protected":false},"excerpt":{"rendered":"<p>Grupo empresarios Networking es una plataforma en l\u00ednea con networking presencial desarrollada por GEN (Grupos de empresarios en networking), una organizaci\u00f3n nacional de networking empresarial. La plataforma GEN est\u00e1 dise\u00f1ada para ayudar a los miembros a conectarse, colaborar y generar negocios entre s\u00ed, con car\u00e1cter de exclusividad en la especialidad desarrollada por el miembro. Ofrece [&hellip;]<\/p>\n","protected":false},"author":1,"featured_media":384,"parent":0,"menu_order":0,"comment_status":"closed","ping_status":"closed","template":"","meta":{"footnotes":""},"class_list":["post-23","page","type-page","status-publish","has-post-thumbnail","hentry"],"yoast_head":"<!-- This site is optimized with the Yoast SEO plugin v27.4 - https:\/\/yoast.com\/product\/yoast-seo-wordpress\/ -->\n<title>GEN - Sobre Nosotros<\/title>\n<meta name=\"description\" content=\"La plataforma GEN - Grupo de Empresarios en Networking est\u00e1 dise\u00f1ada para ayudar a los miembros a conectarse y generar negocios entre s\u00ed\" \/>\n<meta name=\"robots\" content=\"index, follow, max-snippet:-1, max-image-preview:large, max-video-preview:-1\" \/>\n<link rel=\"canonical\" href=\"https:\/\/genempresas.com\/index.php\/gen-sobre-nosotros\/\" \/>\n<meta property=\"og:locale\" content=\"en_US\" \/>\n<meta property=\"og:type\" content=\"article\" \/>\n<meta property=\"og:title\" content=\"GEN - Sobre Nosotros\" \/>\n<meta property=\"og:description\" content=\"La plataforma GEN - Grupo de Empresarios en Networking est\u00e1 dise\u00f1ada para ayudar a los miembros a conectarse y generar negocios entre s\u00ed\" \/>\n<meta property=\"og:url\" content=\"https:\/\/genempresas.com\/index.php\/gen-sobre-nosotros\/\" \/>\n<meta property=\"og:site_name\" content=\"genempresas.com\" \/>\n<meta property=\"article:publisher\" content=\"https:\/\/www.facebook.com\/profile.php?id=61559630106919\" \/>\n<meta property=\"article:modified_time\" content=\"2024-06-05T08:49:04+00:00\" \/>\n<meta property=\"og:image\" content=\"https:\/\/genempresas.com\/wp-content\/uploads\/2024\/05\/C0059.00_00_07_01.Imagen-fija002.jpg\" \/>\n\t<meta property=\"og:image:width\" content=\"1920\" \/>\n\t<meta property=\"og:image:height\" content=\"1080\" \/>\n\t<meta property=\"og:image:type\" content=\"image\/jpeg\" \/>\n<meta name=\"twitter:card\" content=\"summary_large_image\" \/>\n<meta name=\"twitter:label1\" content=\"Est. reading time\" \/>\n\t<meta name=\"twitter:data1\" content=\"2 minutes\" \/>\n<script type=\"application\/ld+json\" class=\"yoast-schema-graph\">{\"@context\":\"https:\\\/\\\/schema.org\",\"@graph\":[{\"@type\":\"WebPage\",\"@id\":\"https:\\\/\\\/genempresas.com\\\/index.php\\\/gen-sobre-nosotros\\\/\",\"url\":\"https:\\\/\\\/genempresas.com\\\/index.php\\\/gen-sobre-nosotros\\\/\",\"name\":\"GEN - Sobre Nosotros\",\"isPartOf\":{\"@id\":\"https:\\\/\\\/genempresas.com\\\/#website\"},\"primaryImageOfPage\":{\"@id\":\"https:\\\/\\\/genempresas.com\\\/index.php\\\/gen-sobre-nosotros\\\/#primaryimage\"},\"image\":{\"@id\":\"https:\\\/\\\/genempresas.com\\\/index.php\\\/gen-sobre-nosotros\\\/#primaryimage\"},\"thumbnailUrl\":\"https:\\\/\\\/genempresas.com\\\/wp-content\\\/uploads\\\/2024\\\/05\\\/C0059.00_00_07_01.Imagen-fija002.jpg\",\"datePublished\":\"2024-03-12T12:07:12+00:00\",\"dateModified\":\"2024-06-05T08:49:04+00:00\",\"description\":\"La plataforma GEN - Grupo de Empresarios en Networking est\u00e1 dise\u00f1ada para ayudar a los miembros a conectarse y generar negocios entre s\u00ed\",\"breadcrumb\":{\"@id\":\"https:\\\/\\\/genempresas.com\\\/index.php\\\/gen-sobre-nosotros\\\/#breadcrumb\"},\"inLanguage\":\"en-US\",\"potentialAction\":[{\"@type\":\"ReadAction\",\"target\":[\"https:\\\/\\\/genempresas.com\\\/index.php\\\/gen-sobre-nosotros\\\/\"]}]},{\"@type\":\"ImageObject\",\"inLanguage\":\"en-US\",\"@id\":\"https:\\\/\\\/genempresas.com\\\/index.php\\\/gen-sobre-nosotros\\\/#primaryimage\",\"url\":\"https:\\\/\\\/genempresas.com\\\/wp-content\\\/uploads\\\/2024\\\/05\\\/C0059.00_00_07_01.Imagen-fija002.jpg\",\"contentUrl\":\"https:\\\/\\\/genempresas.com\\\/wp-content\\\/uploads\\\/2024\\\/05\\\/C0059.00_00_07_01.Imagen-fija002.jpg\",\"width\":1920,\"height\":1080,\"caption\":\"GEN - Sobre Nosotros\"},{\"@type\":\"BreadcrumbList\",\"@id\":\"https:\\\/\\\/genempresas.com\\\/index.php\\\/gen-sobre-nosotros\\\/#breadcrumb\",\"itemListElement\":[{\"@type\":\"ListItem\",\"position\":1,\"name\":\"Portada\",\"item\":\"https:\\\/\\\/genempresas.com\\\/\"},{\"@type\":\"ListItem\",\"position\":2,\"name\":\"SOBRE NOSOTROS\"}]},{\"@type\":\"WebSite\",\"@id\":\"https:\\\/\\\/genempresas.com\\\/#website\",\"url\":\"https:\\\/\\\/genempresas.com\\\/\",\"name\":\"Grupo de Empresarios en Networking\",\"description\":\"Grupo de Empresarios en Networking\",\"publisher\":{\"@id\":\"https:\\\/\\\/genempresas.com\\\/#organization\"},\"alternateName\":\"Gen Empresas\",\"potentialAction\":[{\"@type\":\"SearchAction\",\"target\":{\"@type\":\"EntryPoint\",\"urlTemplate\":\"https:\\\/\\\/genempresas.com\\\/?s={search_term_string}\"},\"query-input\":{\"@type\":\"PropertyValueSpecification\",\"valueRequired\":true,\"valueName\":\"search_term_string\"}}],\"inLanguage\":\"en-US\"},{\"@type\":\"Organization\",\"@id\":\"https:\\\/\\\/genempresas.com\\\/#organization\",\"name\":\"GEN Empresas\",\"alternateName\":\"Gen Empresas\",\"url\":\"https:\\\/\\\/genempresas.com\\\/\",\"logo\":{\"@type\":\"ImageObject\",\"inLanguage\":\"en-US\",\"@id\":\"https:\\\/\\\/genempresas.com\\\/#\\\/schema\\\/logo\\\/image\\\/\",\"url\":\"https:\\\/\\\/genempresas.com\\\/wp-content\\\/uploads\\\/2024\\\/09\\\/setrytuy7i.png\",\"contentUrl\":\"https:\\\/\\\/genempresas.com\\\/wp-content\\\/uploads\\\/2024\\\/09\\\/setrytuy7i.png\",\"width\":500,\"height\":500,\"caption\":\"GEN Empresas\"},\"image\":{\"@id\":\"https:\\\/\\\/genempresas.com\\\/#\\\/schema\\\/logo\\\/image\\\/\"},\"sameAs\":[\"https:\\\/\\\/www.facebook.com\\\/profile.php?id=61559630106919\",\"https:\\\/\\\/www.linkedin.com\\\/in\\\/gen-empresas-b632b530a\\\/\",\"https:\\\/\\\/www.instagram.com\\\/gen.empresas\\\/\"]}]}<\/script>\n<!-- \/ Yoast SEO plugin. -->","yoast_head_json":{"title":"GEN - Sobre Nosotros","description":"La plataforma GEN - Grupo de Empresarios en Networking est\u00e1 dise\u00f1ada para ayudar a los miembros a conectarse y generar negocios entre s\u00ed","robots":{"index":"index","follow":"follow","max-snippet":"max-snippet:-1","max-image-preview":"max-image-preview:large","max-video-preview":"max-video-preview:-1"},"canonical":"https:\/\/genempresas.com\/index.php\/gen-sobre-nosotros\/","og_locale":"en_US","og_type":"article","og_title":"GEN - Sobre Nosotros","og_description":"La plataforma GEN - Grupo de Empresarios en Networking est\u00e1 dise\u00f1ada para ayudar a los miembros a conectarse y generar negocios entre s\u00ed","og_url":"https:\/\/genempresas.com\/index.php\/gen-sobre-nosotros\/","og_site_name":"genempresas.com","article_publisher":"https:\/\/www.facebook.com\/profile.php?id=61559630106919","article_modified_time":"2024-06-05T08:49:04+00:00","og_image":[{"width":1920,"height":1080,"url":"https:\/\/genempresas.com\/wp-content\/uploads\/2024\/05\/C0059.00_00_07_01.Imagen-fija002.jpg","type":"image\/jpeg"}],"twitter_card":"summary_large_image","twitter_misc":{"Est. reading time":"2 minutes"},"schema":{"@context":"https:\/\/schema.org","@graph":[{"@type":"WebPage","@id":"https:\/\/genempresas.com\/index.php\/gen-sobre-nosotros\/","url":"https:\/\/genempresas.com\/index.php\/gen-sobre-nosotros\/","name":"GEN - Sobre Nosotros","isPartOf":{"@id":"https:\/\/genempresas.com\/#website"},"primaryImageOfPage":{"@id":"https:\/\/genempresas.com\/index.php\/gen-sobre-nosotros\/#primaryimage"},"image":{"@id":"https:\/\/genempresas.com\/index.php\/gen-sobre-nosotros\/#primaryimage"},"thumbnailUrl":"https:\/\/genempresas.com\/wp-content\/uploads\/2024\/05\/C0059.00_00_07_01.Imagen-fija002.jpg","datePublished":"2024-03-12T12:07:12+00:00","dateModified":"2024-06-05T08:49:04+00:00","description":"La plataforma GEN - Grupo de Empresarios en Networking est\u00e1 dise\u00f1ada para ayudar a los miembros a conectarse y generar negocios entre s\u00ed","breadcrumb":{"@id":"https:\/\/genempresas.com\/index.php\/gen-sobre-nosotros\/#breadcrumb"},"inLanguage":"en-US","potentialAction":[{"@type":"ReadAction","target":["https:\/\/genempresas.com\/index.php\/gen-sobre-nosotros\/"]}]},{"@type":"ImageObject","inLanguage":"en-US","@id":"https:\/\/genempresas.com\/index.php\/gen-sobre-nosotros\/#primaryimage","url":"https:\/\/genempresas.com\/wp-content\/uploads\/2024\/05\/C0059.00_00_07_01.Imagen-fija002.jpg","contentUrl":"https:\/\/genempresas.com\/wp-content\/uploads\/2024\/05\/C0059.00_00_07_01.Imagen-fija002.jpg","width":1920,"height":1080,"caption":"GEN - Sobre Nosotros"},{"@type":"BreadcrumbList","@id":"https:\/\/genempresas.com\/index.php\/gen-sobre-nosotros\/#breadcrumb","itemListElement":[{"@type":"ListItem","position":1,"name":"Portada","item":"https:\/\/genempresas.com\/"},{"@type":"ListItem","position":2,"name":"SOBRE NOSOTROS"}]},{"@type":"WebSite","@id":"https:\/\/genempresas.com\/#website","url":"https:\/\/genempresas.com\/","name":"Grupo de Empresarios en Networking","description":"Grupo de Empresarios en Networking","publisher":{"@id":"https:\/\/genempresas.com\/#organization"},"alternateName":"Gen Empresas","potentialAction":[{"@type":"SearchAction","target":{"@type":"EntryPoint","urlTemplate":"https:\/\/genempresas.com\/?s={search_term_string}"},"query-input":{"@type":"PropertyValueSpecification","valueRequired":true,"valueName":"search_term_string"}}],"inLanguage":"en-US"},{"@type":"Organization","@id":"https:\/\/genempresas.com\/#organization","name":"GEN Empresas","alternateName":"Gen Empresas","url":"https:\/\/genempresas.com\/","logo":{"@type":"ImageObject","inLanguage":"en-US","@id":"https:\/\/genempresas.com\/#\/schema\/logo\/image\/","url":"https:\/\/genempresas.com\/wp-content\/uploads\/2024\/09\/setrytuy7i.png","contentUrl":"https:\/\/genempresas.com\/wp-content\/uploads\/2024\/09\/setrytuy7i.png","width":500,"height":500,"caption":"GEN Empresas"},"image":{"@id":"https:\/\/genempresas.com\/#\/schema\/logo\/image\/"},"sameAs":["https:\/\/www.facebook.com\/profile.php?id=61559630106919","https:\/\/www.linkedin.com\/in\/gen-empresas-b632b530a\/","https:\/\/www.instagram.com\/gen.empresas\/"]}]}},"_links":{"self":[{"href":"https:\/\/genempresas.com\/index.php\/wp-json\/wp\/v2\/pages\/23","targetHints":{"allow":["GET"]}}],"collection":[{"href":"https:\/\/genempresas.com\/index.php\/wp-json\/wp\/v2\/pages"}],"about":[{"href":"https:\/\/genempresas.com\/index.php\/wp-json\/wp\/v2\/types\/page"}],"author":[{"embeddable":true,"href":"https:\/\/genempresas.com\/index.php\/wp-json\/wp\/v2\/users\/1"}],"replies":[{"embeddable":true,"href":"https:\/\/genempresas.com\/index.php\/wp-json\/wp\/v2\/comments?post=23"}],"version-history":[{"count":2,"href":"https:\/\/genempresas.com\/index.php\/wp-json\/wp\/v2\/pages\/23\/revisions"}],"predecessor-version":[{"id":405,"href":"https:\/\/genempresas.com\/index.php\/wp-json\/wp\/v2\/pages\/23\/revisions\/405"}],"wp:featuredmedia":[{"embeddable":true,"href":"https:\/\/genempresas.com\/index.php\/wp-json\/wp\/v2\/media\/384"}],"wp:attachment":[{"href":"https:\/\/genempresas.com\/index.php\/wp-json\/wp\/v2\/media?parent=23"}],"curies":[{"name":"wp","href":"https:\/\/api.w.org\/{rel}","templated":true}]}}